{"id":24,"date":"2020-07-20T17:51:42","date_gmt":"2020-07-20T14:51:42","guid":{"rendered":"https:\/\/ziarulunirea.ro\/anunturi\/?page_id=24"},"modified":"2020-07-20T17:52:12","modified_gmt":"2020-07-20T14:52:12","slug":"politica-de-anulare","status":"publish","type":"page","link":"https:\/\/ziarulunirea.ro\/anunturi\/politica-de-anulare\/","title":{"rendered":"Politica de anulare"},"content":{"rendered":"<h3>Politica de anulare nu se aplic\u0103, odat\u0103 cu \u00eenaintarea cererii de publicare a anun\u021bului pe print, clientul va beneficia \u00eentocmai de serviciul solicitat.<\/h3>\n","protected":false},"excerpt":{"rendered":"<p>Politica de anulare nu se aplic\u0103, odat\u0103 cu \u00eenaintarea cererii de publicare a anun\u021bului pe print, clientul va beneficia \u00eentocmai de serviciul solicitat.<\/p>\n","protected":false},"author":3,"featured_media":0,"parent":0,"menu_order":0,"comment_status":"closed","ping_status":"closed","template":"","meta":{"footnotes":""},"_links":{"self":[{"href":"https:\/\/ziarulunirea.ro\/anunturi\/wp-json\/wp\/v2\/pages\/24"}],"collection":[{"href":"https:\/\/ziarulunirea.ro\/anunturi\/wp-json\/wp\/v2\/pages"}],"about":[{"href":"https:\/\/ziarulunirea.ro\/anunturi\/wp-json\/wp\/v2\/types\/page"}],"author":[{"embeddable":true,"href":"https:\/\/ziarulunirea.ro\/anunturi\/wp-json\/wp\/v2\/users\/3"}],"replies":[{"embeddable":true,"href":"https:\/\/ziarulunirea.ro\/anunturi\/wp-json\/wp\/v2\/comments?post=24"}],"version-history":[{"count":3,"href":"https:\/\/ziarulunirea.ro\/anunturi\/wp-json\/wp\/v2\/pages\/24\/revisions"}],"predecessor-version":[{"id":27,"href":"https:\/\/ziarulunirea.ro\/anunturi\/wp-json\/wp\/v2\/pages\/24\/revisions\/27"}],"wp:attachment":[{"href":"https:\/\/ziarulunirea.ro\/anunturi\/wp-json\/wp\/v2\/media?parent=24"}],"curies":[{"name":"wp","href":"https:\/\/api.w.org\/{rel}","templated":true}]}}